{"id":720,"date":"2023-10-12T07:35:28","date_gmt":"2023-10-12T05:35:28","guid":{"rendered":"https:\/\/poradnialeczna.pl\/?page_id=720"},"modified":"2024-11-13T07:29:25","modified_gmt":"2024-11-13T06:29:25","slug":"skargi-i-wnioski-obywateli","status":"publish","type":"page","link":"https:\/\/poradnialeczna.pl\/index.php\/skargi-i-wnioski-obywateli\/","title":{"rendered":"Skargi i Wnioski Obywateli"},"content":{"rendered":"\n<p><strong>informujemy, \u017ce dyrektor poradni psychologiczno \u2013 pedagogicznej przyjmuje w sprawie Skarg i Wnios\u00f3w Obywateli<\/strong><\/p>\n\n\n\n<p>Problematyk\u0119 przyjmowania, rozpatrywania i za\u0142atwiania skarg i wniosk\u00f3w reguluj\u0105: Kodeks Post\u0119powania Administracyjnego z dnia 14 czerwca 1960 r. (Dz. U. z 2023 r.,poz. 775) \u2013 Dzia\u0142 VIII \u201eSkargi i wnioski\u201d oraz Rozporz\u0105dzenie Rady Ministr\u00f3w z dnia8 stycznia 2002 r. w sprawie organizacji przyjmowania i rozpatrywania skarg i wniosk\u00f3w.<br>&nbsp;<\/p>\n\n\n\n<p><strong>Przedmiotem skargi<\/strong>&nbsp;mo\u017ce by\u0107 w szczeg\u00f3lno\u015bci zaniedbanie lub nienale\u017cyte wykonywanie zada\u0144 przez w\u0142a\u015bciwe organy albo przez ich pracownik\u00f3w, naruszenie praworz\u0105dno\u015bci lub interes\u00f3w skar\u017c\u0105cych, a tak\u017ce przewlek\u0142e lub biurokratyczne za\u0142atwianie spraw.<\/p>\n\n\n\n<p><strong>Przedmiotem wniosku<\/strong>&nbsp;mog\u0105 by\u0107 w szczeg\u00f3lno\u015bci sprawy ulepszenia organizacji, wzmocnienia praworz\u0105dno\u015bci, usprawnienia pracy i zapobiegania nadu\u017cyciom, ochrony w\u0142asno\u015bci, lepszego zaspokajania potrzeb ludno\u015bci.<\/p>\n\n\n\n<p><strong>Prawo sk\u0142adania skarg\/wniosk\u00f3w<\/strong>&nbsp;zagwarantowane jest ka\u017cdemu. Mo\u017cna je sk\u0142ada\u0107<br>w interesie publicznym, w\u0142asnym lub innej osoby za jej zgod\u0105.<\/p>\n\n\n\n<p>Mog\u0105 by\u0107 wnoszone w jednym z poni\u017cszych sposob\u00f3w:<\/p>\n\n\n\n<p>\u2013 pisemnie,<\/p>\n\n\n\n<p>\u2013 poczty elektronicznej,<\/p>\n\n\n\n<p>\u2013 ustnie do protoko\u0142u.<\/p>\n\n\n\n<p>Dyrektor przyjmuje interesant\u00f3w w sprawach skarg, wniosk\u00f3w i petycji w ka\u017cdy poniedzia\u0142ek w godz. 13.00-14.00.<\/p>\n\n\n\n<p><strong>Wymagania niezb\u0119dne:<\/strong><\/p>\n\n\n\n<p>\u2013 imi\u0119 i nazwisko (nazwa),<\/p>\n\n\n\n<p>\u2013 adres sk\u0142adaj\u0105cego skarg\u0119\/wniosek,<\/p>\n\n\n\n<p>\u2013 zwi\u0119z\u0142y opis tre\u015bci sprawy oraz<\/p>\n\n\n\n<p>\u2013 podpis.<\/p>\n\n\n\n<p>W razie zg\u0142oszenia ustnie, przyjmuj\u0105cy zg\u0142oszenie sporz\u0105dza protok\u00f3\u0142, kt\u00f3ry podpisuj\u0105 wnosz\u0105cy i przyjmuj\u0105cy zg\u0142oszenie.<\/p>\n\n\n\n<p><strong>UWAGA:<\/strong>&nbsp;Skargi\/ wnioski niezawieraj\u0105ce imienia i nazwiska (nazwy) oraz adresu wnosz\u0105cego pozostawia si\u0119 bez rozpoznania.<\/p>\n\n\n\n<p>Za rozpatrzenie skarg i wniosk\u00f3w odpowiedzialny jest Dyrektor Poradni Psychologiczno \u2013 Pedagogicznej w \u0141\u0119cznej.<\/p>\n\n\n\n<p>Adres: Al. Jana Paw\u0142a II 95A, 21-010 \u0141\u0119czna<\/p>\n\n\n\n<p>Telefon: 81 5315335, 81 5315337<\/p>\n\n\n\n<p>E-mail:&nbsp;<a href=\"mailto:ppp@ppp.powiatleczynski.pl\">ppp@ppp.powiatleczynski.pl<\/a><\/p>\n\n\n\n<p><strong>Termin za\u0142atwienia sprawy:<\/strong><\/p>\n\n\n\n<p>Bez zb\u0119dnej zw\u0142oki, nie p\u00f3\u017aniej jednak ni\u017c w ci\u0105gu miesi\u0105ca lub gdy:<\/p>\n\n\n\n<p>\u2013 organ nie jest w\u0142a\u015bciwy do rozpatrzenia skargi\/wniosku to zostanie on przekazany w\u0142a\u015bciwemu organowi w ci\u0105gu 7 dni, zawiadamiaj\u0105c r\u00f3wnocze\u015bnie o tym wnosz\u0105cego albo w tym terminie zostanie wnosz\u0105cemu wskazany w\u0142a\u015bciwy organ;<\/p>\n\n\n\n<p>\u2013 skarga wp\u0142yn\u0119\u0142a za po\u015brednictwem lub bezpo\u015brednio od pos\u0142a, senatora musi by\u0107 rozpatrzona w ci\u0105gu 14 dni.<\/p>\n\n\n\n<p>Wnioskodawcy niezadowolonemu ze sposobu i terminu za\u0142atwienia wniosku przys\u0142uguje prawo do z\u0142o\u017cenia skargi.<\/p>\n\n\n\n<div class=\"wp-block-file\"><a id=\"wp-block-file--media-afa4130d-9818-4c76-9090-0a4546105701\" href=\"https:\/\/poradnialeczna.pl\/wp-content\/uploads\/2024\/11\/informacja-w-sprawie-skarg-i-wnioskow.pdf\">informacja w sprawie skarg i wniosk\u00f3w<\/a><a href=\"https:\/\/poradnialeczna.pl\/wp-content\/uploads\/2024\/11\/informacja-w-sprawie-skarg-i-wnioskow.pdf\" class=\"wp-block-file__button wp-element-button\" download aria-describedby=\"wp-block-file--media-afa4130d-9818-4c76-9090-0a4546105701\">Pobierz<\/a><\/div>\n","protected":false},"excerpt":{"rendered":"<p>informujemy, \u017ce dyrektor poradni psychologiczno \u2013 pedagogicznej przyjmuje w sprawie Skarg i Wnios\u00f3w Obywateli Problematyk\u0119 przyjmowania, rozpatrywania i za\u0142atwiania skarg i wniosk\u00f3w reguluj\u0105: Kodeks Post\u0119powania Administracyjnego z dnia 14 czerwca 1960 r. (Dz. U. z 2023 r.,poz. 775) \u2013 Dzia\u0142 VIII \u201eSkargi i wnioski\u201d oraz Rozporz\u0105dzenie Rady Ministr\u00f3w z dnia8 stycznia 2002 r. w sprawie &hellip; <\/p>\n<p class=\"link-more\"><a href=\"https:\/\/poradnialeczna.pl\/index.php\/skargi-i-wnioski-obywateli\/\" class=\"more-link\">Czytaj dalej<span class=\"screen-reader-text\"> \u201eSkargi i Wnioski Obywateli\u201d<\/span><\/a><\/p>\n","protected":false},"author":1,"featured_media":0,"parent":0,"menu_order":0,"comment_status":"closed","ping_status":"closed","template":"","meta":{"footnotes":""},"class_list":["post-720","page","type-page","status-publish","hentry"],"_links":{"self":[{"href":"https:\/\/poradnialeczna.pl\/index.php\/wp-json\/wp\/v2\/pages\/720","targetHints":{"allow":["GET"]}}],"collection":[{"href":"https:\/\/poradnialeczna.pl\/index.php\/wp-json\/wp\/v2\/pages"}],"about":[{"href":"https:\/\/poradnialeczna.pl\/index.php\/wp-json\/wp\/v2\/types\/page"}],"author":[{"embeddable":true,"href":"https:\/\/poradnialeczna.pl\/index.php\/wp-json\/wp\/v2\/users\/1"}],"replies":[{"embeddable":true,"href":"https:\/\/poradnialeczna.pl\/index.php\/wp-json\/wp\/v2\/comments?post=720"}],"version-history":[{"count":2,"href":"https:\/\/poradnialeczna.pl\/index.php\/wp-json\/wp\/v2\/pages\/720\/revisions"}],"predecessor-version":[{"id":831,"href":"https:\/\/poradnialeczna.pl\/index.php\/wp-json\/wp\/v2\/pages\/720\/revisions\/831"}],"wp:attachment":[{"href":"https:\/\/poradnialeczna.pl\/index.php\/wp-json\/wp\/v2\/media?parent=720"}],"curies":[{"name":"wp","href":"https:\/\/api.w.org\/{rel}","templated":true}]}}