{"id":683,"date":"2023-01-27T11:27:34","date_gmt":"2023-01-27T10:27:34","guid":{"rendered":"https:\/\/poradnialeczna.pl\/?page_id=683"},"modified":"2026-01-20T13:18:19","modified_gmt":"2026-01-20T12:18:19","slug":"plan-postepowan-o-udzielenie-zamowien","status":"publish","type":"page","link":"https:\/\/poradnialeczna.pl\/index.php\/plan-postepowan-o-udzielenie-zamowien\/","title":{"rendered":"PLAN POST\u0118POWA\u0143 O UDZIELENIE ZAM\u00d3WIE\u0143"},"content":{"rendered":"\n<div class=\"wp-block-file\"><a id=\"wp-block-file--media-aad26003-159d-445f-9b23-8464494586ff\" href=\"https:\/\/poradnialeczna.pl\/wp-content\/uploads\/2026\/01\/Plan-postepowan.pdf\">Plan post\u0119powa\u0144 na 2026 rok<\/a><a href=\"https:\/\/poradnialeczna.pl\/wp-content\/uploads\/2026\/01\/Plan-postepowan.pdf\" class=\"wp-block-file__button wp-element-button\" download aria-describedby=\"wp-block-file--media-aad26003-159d-445f-9b23-8464494586ff\">Pobierz<\/a><\/div>\n\n\n\n<hr class=\"wp-block-separator has-alpha-channel-opacity\"\/>\n\n\n\n<div class=\"wp-block-file\"><a id=\"wp-block-file--media-4ef94538-9b74-45ec-82ea-e55363b11483\" href=\"https:\/\/poradnialeczna.pl\/wp-content\/uploads\/2025\/01\/plan-postepowan-o-udzielenie-zamowien-na-2025-rok.pdf\">plan post\u0119powa\u0144 o udzielenie zam\u00f3wie\u0144 na 2025 rok<\/a><a href=\"https:\/\/poradnialeczna.pl\/wp-content\/uploads\/2025\/01\/plan-postepowan-o-udzielenie-zamowien-na-2025-rok.pdf\" class=\"wp-block-file__button wp-element-button\" download aria-describedby=\"wp-block-file--media-4ef94538-9b74-45ec-82ea-e55363b11483\">Pobierz<\/a><\/div>\n\n\n\n<hr class=\"wp-block-separator has-alpha-channel-opacity\"\/>\n\n\n\n<div class=\"wp-block-file\"><a href=\"https:\/\/poradnialeczna.pl\/wp-content\/uploads\/2024\/01\/Zalacznik-nr-1-do-Regulaminu-Plan-zamowien-publicznych-1.pdf\">PLAN POST\u0118POWA\u0143 O UDZIELENIE ZAM\u00d3WIE\u0143 NA 2024R.<\/a><a href=\"https:\/\/poradnialeczna.pl\/wp-content\/uploads\/2024\/01\/Zalacznik-nr-1-do-Regulaminu-Plan-zamowien-publicznych-1.pdf\" class=\"wp-block-file__button wp-element-button\" download>Pobierz<\/a><\/div>\n\n\n\n<div class=\"wp-block-file\"><a href=\"https:\/\/poradnialeczna.pl\/wp-content\/uploads\/2023\/03\/Zal.-nr-1-do-regulaminu-Plan-zamowien-publicznych-2.pdf\"><br><br>Zal.-nr-1-do-regulaminu-Plan-zamowien-publicznych<\/a><a href=\"https:\/\/poradnialeczna.pl\/wp-content\/uploads\/2023\/03\/Zal.-nr-1-do-regulaminu-Plan-zamowien-publicznych-2.pdf\" class=\"wp-block-file__button wp-element-button\" download>Pobierz<\/a><\/div>\n\n\n\n<p><\/p>\n","protected":false},"excerpt":{"rendered":"","protected":false},"author":1,"featured_media":0,"parent":0,"menu_order":0,"comment_status":"closed","ping_status":"closed","template":"","meta":{"footnotes":""},"class_list":["post-683","page","type-page","status-publish","hentry"],"_links":{"self":[{"href":"https:\/\/poradnialeczna.pl\/index.php\/wp-json\/wp\/v2\/pages\/683","targetHints":{"allow":["GET"]}}],"collection":[{"href":"https:\/\/poradnialeczna.pl\/index.php\/wp-json\/wp\/v2\/pages"}],"about":[{"href":"https:\/\/poradnialeczna.pl\/index.php\/wp-json\/wp\/v2\/types\/page"}],"author":[{"embeddable":true,"href":"https:\/\/poradnialeczna.pl\/index.php\/wp-json\/wp\/v2\/users\/1"}],"replies":[{"embeddable":true,"href":"https:\/\/poradnialeczna.pl\/index.php\/wp-json\/wp\/v2\/comments?post=683"}],"version-history":[{"count":6,"href":"https:\/\/poradnialeczna.pl\/index.php\/wp-json\/wp\/v2\/pages\/683\/revisions"}],"predecessor-version":[{"id":1572,"href":"https:\/\/poradnialeczna.pl\/index.php\/wp-json\/wp\/v2\/pages\/683\/revisions\/1572"}],"wp:attachment":[{"href":"https:\/\/poradnialeczna.pl\/index.php\/wp-json\/wp\/v2\/media?parent=683"}],"curies":[{"name":"wp","href":"https:\/\/api.w.org\/{rel}","templated":true}]}}