{"id":537,"date":"2020-12-03T13:16:31","date_gmt":"2020-12-03T12:16:31","guid":{"rendered":"https:\/\/poradnialeczna.pl\/?page_id=537"},"modified":"2025-04-03T20:58:40","modified_gmt":"2025-04-03T18:58:40","slug":"deklaracja-dostepnosci","status":"publish","type":"page","link":"https:\/\/poradnialeczna.pl\/index.php\/deklaracja-dostepnosci\/","title":{"rendered":"Deklaracja Dost\u0119pno\u015bci"},"content":{"rendered":"\n<h1 class=\"wp-block-heading\" id=\"a11y-deklaracja\">Deklaracja dost\u0119pno\u015bci Poradnia Psychologiczno &#8211; Pedagogiczna w \u0141\u0119cznej<\/h1>\n\n\n\n<p id=\"a11y-wstep\">Poradnia Psychologiczno &#8211; Pedagogiczna w \u0141\u0119cznej zobowi\u0105zuje si\u0119 zapewni\u0107 dost\u0119pno\u015b\u0107 swojej strony internetowej zgodnie z przepisami ustawy z dnia 4&nbsp;kwietnia 2019&nbsp;r. o&nbsp;dost\u0119pno\u015bci cyfrowej stron internetowych i&nbsp;aplikacji mobilnych podmiot\u00f3w publicznych. O\u015bwiadczenie w sprawie dost\u0119pno\u015bci ma zastosowanie do strony internetowej <a href=\"https:\/\/poradnialeczna.pl\">Poradnia Psychologiczno &#8211; Pedagogiczna w \u0141\u0119cznej<\/a>.<\/p>\n\n\n\n<ul class=\"wp-block-list\">\n<li>Data publikacji strony internetowej: 2019-11-13<\/li>\n\n\n\n<li>Data ostatniej istotnej aktualizacji: 2019-11-13<\/li>\n<\/ul>\n\n\n\n<h2 class=\"wp-block-heading\">Status pod wzgl\u0119dem zgodno\u015bci z ustaw\u0105<\/h2>\n\n\n\n<pre class=\"wp-block-code\"><code>Strona internetowa jest zgodna z ustaw\u0105 \ndost\u0119pno\u015bci cyfrowej stron internetowych i aplikacji mobilnych podmiot\u00f3w publicznych.<\/code><\/pre>\n\n\n\n<h3 class=\"wp-block-heading\">Przygotowanie deklaracji w sprawie dost\u0119pno\u015bci<\/h3>\n\n\n\n<ul class=\"wp-block-list\">\n<li>Deklaracj\u0119 sporz\u0105dzono dnia: 2020-12-03<\/li>\n\n\n\n<li>Deklaracj\u0119 zosta\u0142a ostatnio poddana przegl\u0105dowi i aktualizacji dnia: 2020-12-03<\/li>\n<\/ul>\n\n\n\n<pre class=\"wp-block-code\"><code>Deklaracj\u0119 sporz\u0105dzono na podstawie samooceny.<\/code><\/pre>\n\n\n\n<h2 class=\"wp-block-heading\" id=\"a11y-kontakt\">Informacje zwrotne i dane kontaktowe<\/h2>\n\n\n\n<ul class=\"wp-block-list\">\n<li>Za rozpatrywanie uwag i wniosk\u00f3w odpowiada: El\u017cbieta Zalewska.<\/li>\n\n\n\n<li>E-mail: <a href=\"mailto:ppp@ppp.powiatleczynski.pl\">ppp@ppp.powiatleczynski.pl<\/a><\/li>\n\n\n\n<li>Telefon: 815315335<\/li>\n<\/ul>\n\n\n\n<p id=\"a11y-procedura\">Ka\u017cdy ma prawo:<\/p>\n\n\n\n<ul class=\"wp-block-list\">\n<li>zg\u0142osi\u0107 uwagi dotycz\u0105ce dost\u0119pno\u015bci cyfrowej strony lub jej elementu,<\/li>\n\n\n\n<li>zg\u0142osi\u0107 \u017c\u0105danie zapewnienia dost\u0119pno\u015bci cyfrowej strony lub jej elementu,<\/li>\n\n\n\n<li>wnioskowa\u0107 o udost\u0119pnienie niedost\u0119pnej informacji w innej alternatywnej formie.<\/li>\n<\/ul>\n\n\n\n<p>\u017b\u0105danie musi zawiera\u0107:<\/p>\n\n\n\n<ul class=\"wp-block-list\">\n<li>dane kontaktowe osoby zg\u0142aszaj\u0105cej,<\/li>\n\n\n\n<li>wskazanie strony lub elementu strony, kt\u00f3rej dotyczy \u017c\u0105danie,<\/li>\n\n\n\n<li>wskazanie dogodnej formy udost\u0119pnienia informacji, je\u015bli \u017c\u0105danie dotyczy udost\u0119pnienia w formie alternatywnej informacji niedost\u0119pnej.<\/li>\n<\/ul>\n\n\n\n<p>Rozpatrzenie zg\u0142oszenia powinno nast\u0105pi\u0107 niezw\u0142ocznie, najp\u00f3\u017aniej w ci\u0105gu 7 dni. Je\u015bli w tym terminie zapewnienie dost\u0119pno\u015bci albo zapewnienie dost\u0119pu w alternatywnej formie nie jest mo\u017cliwe, powinno nast\u0105pi\u0107 najdalej w ci\u0105gu 2 miesi\u0119cy od daty zg\u0142oszenia.<\/p>\n\n\n\n<h3 class=\"wp-block-heading\">Skargi i odwo\u0142ania<\/h3>\n\n\n\n<p>Na niedotrzymanie tych termin\u00f3w oraz na odmow\u0119 realizacji \u017c\u0105dania mo\u017cna z\u0142o\u017cy\u0107 skarg\u0119 do organu nadzoruj\u0105cego poczt\u0105 lub drog\u0105 elektroniczn\u0105 na adres:<\/p>\n\n\n\n<ul class=\"wp-block-list\">\n<li>Organ nadzoruj\u0105cy: Dyrektor Poradni Psychologiczno &#8211; Pedagogicznej w \u0141\u0119cznej<\/li>\n\n\n\n<li>Adres: AL. Jana Paw\u0142a II 95,<br>21-010 \u0141\u0119czna<\/li>\n\n\n\n<li>E-mail: <a href=\"mailto:ppp@ppp.powiatleczynski.pl\">ppp@ppp.powiatleczynski.pl<\/a><\/li>\n\n\n\n<li>Telefon: 815315338<\/li>\n<\/ul>\n\n\n\n<p>Skarg\u0119 mo\u017cna z\u0142o\u017cy\u0107 r\u00f3wnie\u017c do <a href=\"https:\/\/www.rpo.gov.pl\/content\/jak-zglosic-sie-do-rzecznika-praw-obywatelskich\">Rzecznika Praw Obywatelskich<\/a>.<\/p>\n\n\n\n<h2 class=\"wp-block-heading\" id=\"a11y-architektura\">Dost\u0119pno\u015b\u0107 architektoniczna<\/h2>\n\n\n\n<p>Siedziba poradni znajduje si\u0119 na parterze i III pi\u0119trze budynku przy ul. Jana Paw\u0142a II 95. Na III pi\u0119trze odbywa si\u0119 diagnoza i terapia tylko sprawnych fizycznie dzieci. Dost\u0119pno\u015b\u0107 wej\u015bcia do budynku, korytarzy nie jest w \u017caden spos\u00f3b ograniczona dla os\u00f3b z niepe\u0142nosprawno\u015bciami.<\/p>\n","protected":false},"excerpt":{"rendered":"<p>Deklaracja dost\u0119pno\u015bci Poradnia Psychologiczno &#8211; Pedagogiczna w \u0141\u0119cznej Poradnia Psychologiczno &#8211; Pedagogiczna w \u0141\u0119cznej zobowi\u0105zuje si\u0119 zapewni\u0107 dost\u0119pno\u015b\u0107 swojej strony internetowej zgodnie z przepisami ustawy z dnia 4&nbsp;kwietnia 2019&nbsp;r. o&nbsp;dost\u0119pno\u015bci cyfrowej stron internetowych i&nbsp;aplikacji mobilnych podmiot\u00f3w publicznych. O\u015bwiadczenie w sprawie dost\u0119pno\u015bci ma zastosowanie do strony internetowej Poradnia Psychologiczno &#8211; Pedagogiczna w \u0141\u0119cznej. Status pod wzgl\u0119dem &hellip; <\/p>\n<p class=\"link-more\"><a href=\"https:\/\/poradnialeczna.pl\/index.php\/deklaracja-dostepnosci\/\" class=\"more-link\">Czytaj dalej<span class=\"screen-reader-text\"> \u201eDeklaracja Dost\u0119pno\u015bci\u201d<\/span><\/a><\/p>\n","protected":false},"author":1,"featured_media":0,"parent":0,"menu_order":0,"comment_status":"closed","ping_status":"closed","template":"","meta":{"footnotes":""},"class_list":["post-537","page","type-page","status-publish","hentry"],"_links":{"self":[{"href":"https:\/\/poradnialeczna.pl\/index.php\/wp-json\/wp\/v2\/pages\/537","targetHints":{"allow":["GET"]}}],"collection":[{"href":"https:\/\/poradnialeczna.pl\/index.php\/wp-json\/wp\/v2\/pages"}],"about":[{"href":"https:\/\/poradnialeczna.pl\/index.php\/wp-json\/wp\/v2\/types\/page"}],"author":[{"embeddable":true,"href":"https:\/\/poradnialeczna.pl\/index.php\/wp-json\/wp\/v2\/users\/1"}],"replies":[{"embeddable":true,"href":"https:\/\/poradnialeczna.pl\/index.php\/wp-json\/wp\/v2\/comments?post=537"}],"version-history":[{"count":7,"href":"https:\/\/poradnialeczna.pl\/index.php\/wp-json\/wp\/v2\/pages\/537\/revisions"}],"predecessor-version":[{"id":1039,"href":"https:\/\/poradnialeczna.pl\/index.php\/wp-json\/wp\/v2\/pages\/537\/revisions\/1039"}],"wp:attachment":[{"href":"https:\/\/poradnialeczna.pl\/index.php\/wp-json\/wp\/v2\/media?parent=537"}],"curies":[{"name":"wp","href":"https:\/\/api.w.org\/{rel}","templated":true}]}}