{"id":351,"date":"2020-01-13T10:31:47","date_gmt":"2020-01-13T09:31:47","guid":{"rendered":"http:\/\/poradnialeczna.pl\/?page_id=351"},"modified":"2023-05-15T08:15:39","modified_gmt":"2023-05-15T06:15:39","slug":"nauczyciele","status":"publish","type":"page","link":"https:\/\/poradnialeczna.pl\/index.php\/nauczyciele\/","title":{"rendered":"Nauczyciele"},"content":{"rendered":"\n<ul class=\"wp-block-list\"><li> <strong>porady i konsultacje<\/strong> <\/li><li><strong>wyk\u0142ady i prelekcje<\/strong><\/li><li><strong>warsztaty<\/strong><\/li><li><strong>grupy wsparcia<\/strong><\/li><li><strong>mediacje i interwencje kryzysowe<\/strong><\/li><li><strong>dzia\u0142alno\u015b\u0107      informacyjno-szkoleniowa<\/strong><\/li><li><strong>sieci wsp\u00f3\u0142pracy i      samokszta\u0142cenia<\/strong><\/li><li><strong>diagnoza potrzeb      przedszkola\/szko\u0142y.<\/strong><\/li><\/ul>\n\n\n\n<p>Proponowane sposoby organizacji: indywidualne, zespo\u0142owe (rady pedagogiczne, grupy nauczycieli, wychowawc\u00f3w, specjalist\u00f3w).<\/p>\n\n\n\n<div class=\"wp-block-file\"><a href=\"https:\/\/poradnialeczna.pl\/wp-content\/uploads\/2023\/05\/Zdrowie-psychiczne-dzieci-i-mlodziezy.pdf\">Zdrowie psychiczne dzieci i m\u0142odzie\u017cy<\/a><a href=\"https:\/\/poradnialeczna.pl\/wp-content\/uploads\/2023\/05\/Zdrowie-psychiczne-dzieci-i-mlodziezy.pdf\" class=\"wp-block-file__button\" download>Pobierz<\/a><\/div>\n\n\n\n<div class=\"wp-block-file\"><a href=\"https:\/\/poradnialeczna.pl\/wp-content\/uploads\/2023\/05\/Zdrowie-psychiczne-dzieci-i-mlodziezy.ppt\">Zdrowie psychiczne dzieci i m\u0142odzie\u017cy<\/a><a href=\"https:\/\/poradnialeczna.pl\/wp-content\/uploads\/2023\/05\/Zdrowie-psychiczne-dzieci-i-mlodziezy.ppt\" class=\"wp-block-file__button\" download>Pobierz<\/a><\/div>\n\n\n\n<p><\/p>\n\n\n\n<div class=\"wp-block-file\"><a href=\"https:\/\/poradnialeczna.pl\/wp-content\/uploads\/2020\/04\/LINIA_WSPARCIA.pdf\">LINIA_WSPARCIA<\/a><a href=\"https:\/\/poradnialeczna.pl\/wp-content\/uploads\/2020\/04\/LINIA_WSPARCIA.pdf\" class=\"wp-block-file__button\" download>Pobierz<\/a><\/div>\n\n\n\n<figure class=\"wp-block-image size-large\"><img loading=\"lazy\" decoding=\"async\" width=\"1024\" height=\"768\" src=\"https:\/\/poradnialeczna.pl\/wp-content\/uploads\/2020\/04\/SCHEMAT_ROZMOWY-dajemy-dzieciom-si\u0142\u0119-2-1024x768.jpg\" alt=\"\" class=\"wp-image-438\" srcset=\"https:\/\/poradnialeczna.pl\/wp-content\/uploads\/2020\/04\/SCHEMAT_ROZMOWY-dajemy-dzieciom-si\u0142\u0119-2-1024x768.jpg 1024w, https:\/\/poradnialeczna.pl\/wp-content\/uploads\/2020\/04\/SCHEMAT_ROZMOWY-dajemy-dzieciom-si\u0142\u0119-2-300x225.jpg 300w, https:\/\/poradnialeczna.pl\/wp-content\/uploads\/2020\/04\/SCHEMAT_ROZMOWY-dajemy-dzieciom-si\u0142\u0119-2-768x576.jpg 768w, https:\/\/poradnialeczna.pl\/wp-content\/uploads\/2020\/04\/SCHEMAT_ROZMOWY-dajemy-dzieciom-si\u0142\u0119-2-1536x1152.jpg 1536w, https:\/\/poradnialeczna.pl\/wp-content\/uploads\/2020\/04\/SCHEMAT_ROZMOWY-dajemy-dzieciom-si\u0142\u0119-2-2048x1536.jpg 2048w\" sizes=\"auto, (max-width: 767px) 89vw, (max-width: 1000px) 54vw, (max-width: 1071px) 543px, 580px\" \/><\/figure>\n\n\n\n<p><\/p>\n\n\n\n<figure class=\"wp-block-image size-large is-resized\"><img loading=\"lazy\" decoding=\"async\" src=\"https:\/\/poradnialeczna.pl\/wp-content\/uploads\/2020\/04\/trudna_sytuacja_drzewko_decyzyjne_PPP-dajemy-dzieciom-si\u0142\u0119-2-1024x768.jpg\" alt=\"\" class=\"wp-image-439\" width=\"674\" height=\"505\" srcset=\"https:\/\/poradnialeczna.pl\/wp-content\/uploads\/2020\/04\/trudna_sytuacja_drzewko_decyzyjne_PPP-dajemy-dzieciom-si\u0142\u0119-2-1024x768.jpg 1024w, https:\/\/poradnialeczna.pl\/wp-content\/uploads\/2020\/04\/trudna_sytuacja_drzewko_decyzyjne_PPP-dajemy-dzieciom-si\u0142\u0119-2-300x225.jpg 300w, https:\/\/poradnialeczna.pl\/wp-content\/uploads\/2020\/04\/trudna_sytuacja_drzewko_decyzyjne_PPP-dajemy-dzieciom-si\u0142\u0119-2-768x576.jpg 768w, https:\/\/poradnialeczna.pl\/wp-content\/uploads\/2020\/04\/trudna_sytuacja_drzewko_decyzyjne_PPP-dajemy-dzieciom-si\u0142\u0119-2-1536x1152.jpg 1536w, https:\/\/poradnialeczna.pl\/wp-content\/uploads\/2020\/04\/trudna_sytuacja_drzewko_decyzyjne_PPP-dajemy-dzieciom-si\u0142\u0119-2-2048x1536.jpg 2048w\" sizes=\"auto, (max-width: 674px) 100vw, 674px\" \/><\/figure>\n\n\n\n<p><\/p>\n\n\n\n<figure class=\"wp-block-image size-large is-resized\"><img loading=\"lazy\" decoding=\"async\" src=\"https:\/\/poradnialeczna.pl\/wp-content\/uploads\/2020\/04\/wykres_rozmowa_PPP-daemy-dzieciom-si\u0142\u0119-2-1024x768.jpg\" alt=\"\" class=\"wp-image-440\" width=\"674\" height=\"505\" srcset=\"https:\/\/poradnialeczna.pl\/wp-content\/uploads\/2020\/04\/wykres_rozmowa_PPP-daemy-dzieciom-si\u0142\u0119-2-1024x768.jpg 1024w, https:\/\/poradnialeczna.pl\/wp-content\/uploads\/2020\/04\/wykres_rozmowa_PPP-daemy-dzieciom-si\u0142\u0119-2-300x225.jpg 300w, https:\/\/poradnialeczna.pl\/wp-content\/uploads\/2020\/04\/wykres_rozmowa_PPP-daemy-dzieciom-si\u0142\u0119-2-768x576.jpg 768w, https:\/\/poradnialeczna.pl\/wp-content\/uploads\/2020\/04\/wykres_rozmowa_PPP-daemy-dzieciom-si\u0142\u0119-2-1536x1152.jpg 1536w, https:\/\/poradnialeczna.pl\/wp-content\/uploads\/2020\/04\/wykres_rozmowa_PPP-daemy-dzieciom-si\u0142\u0119-2-2048x1536.jpg 2048w\" sizes=\"auto, (max-width: 674px) 100vw, 674px\" \/><\/figure>\n\n\n\n<p><\/p>\n\n\n\n<figure class=\"wp-block-image size-large\"><img loading=\"lazy\" decoding=\"async\" width=\"410\" height=\"1024\" src=\"https:\/\/poradnialeczna.pl\/wp-content\/uploads\/2020\/04\/infografika_PPP-dajemy-dzieciom-si\u0142\u0119-2-410x1024.jpg\" alt=\"\" class=\"wp-image-441\" srcset=\"https:\/\/poradnialeczna.pl\/wp-content\/uploads\/2020\/04\/infografika_PPP-dajemy-dzieciom-si\u0142\u0119-2-410x1024.jpg 410w, https:\/\/poradnialeczna.pl\/wp-content\/uploads\/2020\/04\/infografika_PPP-dajemy-dzieciom-si\u0142\u0119-2-120x300.jpg 120w, https:\/\/poradnialeczna.pl\/wp-content\/uploads\/2020\/04\/infografika_PPP-dajemy-dzieciom-si\u0142\u0119-2-768x1920.jpg 768w, https:\/\/poradnialeczna.pl\/wp-content\/uploads\/2020\/04\/infografika_PPP-dajemy-dzieciom-si\u0142\u0119-2-819x2048.jpg 819w, https:\/\/poradnialeczna.pl\/wp-content\/uploads\/2020\/04\/infografika_PPP-dajemy-dzieciom-si\u0142\u0119-2-scaled.jpg 1024w\" sizes=\"auto, (max-width: 410px) 100vw, 410px\" \/><\/figure>\n\n\n\n<p>Materia\u0142y pochodz\u0105 ze strony internetowej&nbsp;<a rel=\"noreferrer noopener\" href=\"https:\/\/www.edukacja.fdds.pl\/?option=com_szkolenia&amp;optrs=9&amp;fnd=&amp;grupa=0&amp;offset=1&amp;sort=1&amp;szkolenie=16445&amp;tekst=16445#opisszkolenia\" target=\"_blank\">https:\/\/www.edukacja.fdds.pl\/?option=com_szkolenia&amp;optrs=9&amp;fnd=&amp;grupa=0&amp;offset=1&amp;sort=1&amp;szkolenie=16445&amp;tekst=16445#opisszkolenia<\/a><\/p>\n\n\n\n<p>Propozycje temat\u00f3w:<\/p>\n\n\n\n<ul class=\"wp-block-list\"><li>Dziecko\/ucze\u0144 ze specjalnymi\n     potrzebami edukacyjnymi (np.: z zaburzeniami komunikacji, z\n     niepe\u0142nosprawno\u015bci\u0105, z chorob\u0105 przewlek\u0142\u0105, zdolny, s\u0142aby, nadpobudliwy,\n     nie\u015bmia\u0142y) w przedszkolu\/szkole.<\/li><li>Ucze\u0144 ze specyficznymi trudno\u015bciami\n     w uczeniu si\u0119.<\/li><li>Dziecko w kryzysie (autoagresja,\n     zaburzenia od\u017cywiania i inne).<\/li><li>Klimat i kultura szko\u0142y a zdrowie\n     psychiczne uczni\u00f3w i nauczycieli.<\/li><li>Jak nie podda\u0107 si\u0119 wypaleniu\n     zawodowemu?<\/li><li>Budowanie strategii pracy z\n     dzieckiem przejawiaj\u0105cym zaburzenia zachowania&nbsp;w \u015brodowisku szkolnym\n     i rodzinnym.<\/li><li>Sp\u00f3jrz inaczej \u2013 wspieranie rozwoju\n     osobowo\u015bci ucznia i jego zdolno\u015bci przystosowania si\u0119&nbsp;spo\u0142ecznego\n     (klasy I-III).<\/li><li>Dobro wypiera z\u0142o \u2013 jak przemieni\u0107\n     trudn\u0105 sytuacj\u0119 w szans\u0119 wychowawcz\u0105? Wychowanie do odpowiedzialno\u015bci.<\/li><li>Integracja&nbsp; sensoryczna \u2013 znaczenie w funkcjonowaniu\n     dziecka.<\/li><li>Jak post\u0119powa\u0107 z nastolatkami, by\n     nie nastr\u0119cza\u0142y trudno\u015bci wychowawczych?<\/li><li>Mediacja \u2013 sztuka rozwi\u0105zywania\n     konflikt\u00f3w.<\/li><\/ul>\n\n\n\n<p>Istnieje mo\u017cliwo\u015b\u0107 przygotowania prelekcji, warsztat\u00f3w\nzgodnie z zapotrzebowaniem plac\u00f3wki.<\/p>\n\n\n\n<p>Wspomaganie nauczycieli i wychowawc\u00f3w odbywa si\u0119 zgodnie z\nzapotrzebowaniem sk\u0142adanym przez przedszkola i szko\u0142y\/ plac\u00f3wki.<\/p>\n","protected":false},"excerpt":{"rendered":"<p>porady i konsultacje wyk\u0142ady i prelekcje warsztaty grupy wsparcia mediacje i interwencje kryzysowe dzia\u0142alno\u015b\u0107 informacyjno-szkoleniowa sieci wsp\u00f3\u0142pracy i samokszta\u0142cenia diagnoza potrzeb przedszkola\/szko\u0142y. Proponowane sposoby organizacji: indywidualne, zespo\u0142owe (rady pedagogiczne, grupy nauczycieli, wychowawc\u00f3w, specjalist\u00f3w). Materia\u0142y pochodz\u0105 ze strony internetowej&nbsp;https:\/\/www.edukacja.fdds.pl\/?option=com_szkolenia&amp;optrs=9&amp;fnd=&amp;grupa=0&amp;offset=1&amp;sort=1&amp;szkolenie=16445&amp;tekst=16445#opisszkolenia Propozycje temat\u00f3w: Dziecko\/ucze\u0144 ze specjalnymi potrzebami edukacyjnymi (np.: z zaburzeniami komunikacji, z niepe\u0142nosprawno\u015bci\u0105, z chorob\u0105 przewlek\u0142\u0105, zdolny, &hellip; <\/p>\n<p class=\"link-more\"><a href=\"https:\/\/poradnialeczna.pl\/index.php\/nauczyciele\/\" class=\"more-link\">Czytaj dalej<span class=\"screen-reader-text\"> \u201eNauczyciele\u201d<\/span><\/a><\/p>\n","protected":false},"author":1,"featured_media":0,"parent":0,"menu_order":0,"comment_status":"closed","ping_status":"closed","template":"","meta":{"footnotes":""},"class_list":["post-351","page","type-page","status-publish","hentry"],"_links":{"self":[{"href":"https:\/\/poradnialeczna.pl\/index.php\/wp-json\/wp\/v2\/pages\/351","targetHints":{"allow":["GET"]}}],"collection":[{"href":"https:\/\/poradnialeczna.pl\/index.php\/wp-json\/wp\/v2\/pages"}],"about":[{"href":"https:\/\/poradnialeczna.pl\/index.php\/wp-json\/wp\/v2\/types\/page"}],"author":[{"embeddable":true,"href":"https:\/\/poradnialeczna.pl\/index.php\/wp-json\/wp\/v2\/users\/1"}],"replies":[{"embeddable":true,"href":"https:\/\/poradnialeczna.pl\/index.php\/wp-json\/wp\/v2\/comments?post=351"}],"version-history":[{"count":9,"href":"https:\/\/poradnialeczna.pl\/index.php\/wp-json\/wp\/v2\/pages\/351\/revisions"}],"predecessor-version":[{"id":698,"href":"https:\/\/poradnialeczna.pl\/index.php\/wp-json\/wp\/v2\/pages\/351\/revisions\/698"}],"wp:attachment":[{"href":"https:\/\/poradnialeczna.pl\/index.php\/wp-json\/wp\/v2\/media?parent=351"}],"curies":[{"name":"wp","href":"https:\/\/api.w.org\/{rel}","templated":true}]}}